{"id":534,"date":"2024-10-01T10:18:17","date_gmt":"2024-10-01T10:18:17","guid":{"rendered":"https:\/\/tribubehappy.com\/hombre\/"},"modified":"2025-02-26T12:16:52","modified_gmt":"2025-02-26T12:16:52","slug":"home","status":"publish","type":"page","link":"https:\/\/tribubehappy.com\/es\/","title":{"rendered":"Home"},"content":{"rendered":"\t\t<div data-elementor-type=\"wp-page\" data-elementor-id=\"534\" class=\"elementor elementor-534 elementor-125\" data-elementor-post-type=\"page\">\n\t\t\t\t<div data-particle_enable=\"false\" data-particle-mobile-disabled=\"false\" class=\"elementor-element elementor-element-51a86051 e-flex e-con-boxed e-con e-parent\" data-id=\"51a86051\" data-element_type=\"container\" data-settings=\"{&quot;background_background&quot;:&quot;classic&quot;}\">\n\t\t\t\t\t<div class=\"e-con-inner\">\n\t\t\t\t<div class=\"elementor-element elementor-element-249b9291 elementor-widget elementor-widget-heading\" data-id=\"249b9291\" data-element_type=\"widget\" data-widget_type=\"heading.default\">\n\t\t\t\t<div class=\"elementor-widget-container\">\n\t\t\t\t\t<h1 class=\"elementor-heading-title elementor-size-default\">Bienvenida a la Tribu Be Happy<\/h1>\t\t\t\t<\/div>\n\t\t\t\t<\/div>\n\t\t\t\t<div class=\"elementor-element elementor-element-58e042fb elementor-widget elementor-widget-heading\" data-id=\"58e042fb\" data-element_type=\"widget\" data-widget_type=\"heading.default\">\n\t\t\t\t<div class=\"elementor-widget-container\">\n\t\t\t\t\t<h5 class=\"elementor-heading-title elementor-size-default\">Un espacio para compartir, para entender, para conectar.<\/br> \u00a1Para saber que, en la crianza, lo que te pasa a ti, nos pasa a todas! <\/h5>\t\t\t\t<\/div>\n\t\t\t\t<\/div>\n\t\t\t\t<div class=\"elementor-element elementor-element-6fe4228f elementor-align-center elementor-widget elementor-widget-button\" data-id=\"6fe4228f\" data-element_type=\"widget\" data-widget_type=\"button.default\">\n\t\t\t\t<div class=\"elementor-widget-container\">\n\t\t\t\t\t\t\t\t\t<div class=\"elementor-button-wrapper\">\n\t\t\t\t\t<a class=\"elementor-button elementor-button-link elementor-size-sm\" href=\"https:\/\/tribubehappy.com\/es\/ven-a-la-tribu\/\">\n\t\t\t\t\t\t<span class=\"elementor-button-content-wrapper\">\n\t\t\t\t\t\t\t\t\t<span class=\"elementor-button-text\">\u00bfQUIERES FORMAR PARTE DE LA TRIBU?<\/span>\n\t\t\t\t\t<\/span>\n\t\t\t\t\t<\/a>\n\t\t\t\t<\/div>\n\t\t\t\t\t\t\t\t<\/div>\n\t\t\t\t<\/div>\n\t\t\t\t\t<\/div>\n\t\t\t\t<\/div>\n\t\t<div data-particle_enable=\"false\" data-particle-mobile-disabled=\"false\" class=\"elementor-element elementor-element-5839892e e-con-full e-flex e-con e-parent\" data-id=\"5839892e\" data-element_type=\"container\" data-settings=\"{&quot;background_background&quot;:&quot;classic&quot;}\">\n\t\t\t\t<div class=\"elementor-element elementor-element-36c2aaaf elementor-widget elementor-widget-heading\" data-id=\"36c2aaaf\" data-element_type=\"widget\" data-widget_type=\"heading.default\">\n\t\t\t\t<div class=\"elementor-widget-container\">\n\t\t\t\t\t<h2 class=\"elementor-heading-title elementor-size-default\">\u00bfTe gustar\u00eda conectar m\u00e1s con tu hijo o hija,<\/br> gestionar los momentos de conflicto<\/br> y saberte expresar con asertividad?  \n<\/h2>\t\t\t\t<\/div>\n\t\t\t\t<\/div>\n\t\t\t\t<div class=\"elementor-element elementor-element-d12f0cf elementor-widget elementor-widget-heading\" data-id=\"d12f0cf\" data-element_type=\"widget\" data-widget_type=\"heading.default\">\n\t\t\t\t<div class=\"elementor-widget-container\">\n\t\t\t\t\t<h2 class=\"elementor-heading-title elementor-size-default\">\u00a1Ap\u00fantate a la Tribu Be Happy y te mantendremos informada de todo lo que hacemos!  <\/h2>\t\t\t\t<\/div>\n\t\t\t\t<\/div>\n\t\t\t\t<div class=\"elementor-element elementor-element-45dac5e elementor-widget elementor-widget-shortcode\" data-id=\"45dac5e\" data-element_type=\"widget\" data-widget_type=\"shortcode.default\">\n\t\t\t\t<div class=\"elementor-widget-container\">\n\t\t\t\t\t\t\t<div class=\"elementor-shortcode\">[sibwp_form id=\"1\"]<\/div>\n\t\t\t\t\t\t<\/div>\n\t\t\t\t<\/div>\n\t\t\t\t<div class=\"elementor-element elementor-element-201aac3 elementor-widget__width-initial elementor-widget elementor-widget-text-editor\" data-id=\"201aac3\" data-element_type=\"widget\" data-widget_type=\"text-editor.default\">\n\t\t\t\t<div class=\"elementor-widget-container\">\n\t\t\t\t\t\t\t\t\t<p>Los datos personales que nos proporciones ser\u00e1n tratados con el fin de darte de alta en nuestra newsletter en base a tu consentimiento. Puede que los datos que nos facilites sean compartidos con terceros de acuerdo con lo que se establece en la Pol\u00edtica de Privacidad y Cookies. Adem\u00e1s, puedes revocar tu consentimiento, consultar c\u00f3mo ejercer tus derechos y ampliar la informaci\u00f3n sobre el tratamiento de tus datos en nuestra Pol\u00edtica de Privacidad y Cookies.<\/p>\n\t\t\t\t\t\t\t\t<\/div>\n\t\t\t\t<\/div>\n\t\t\t\t<\/div>\n\t\t<div data-particle_enable=\"false\" data-particle-mobile-disabled=\"false\" class=\"elementor-element elementor-element-3498cda2 e-con-full e-flex e-con e-parent\" data-id=\"3498cda2\" data-element_type=\"container\">\n\t\t<div data-particle_enable=\"false\" data-particle-mobile-disabled=\"false\" class=\"elementor-element elementor-element-badb3c e-con-full e-flex e-con e-child\" data-id=\"badb3c\" data-element_type=\"container\" data-settings=\"{&quot;background_background&quot;:&quot;classic&quot;}\">\n\t\t\t\t<\/div>\n\t\t<div data-particle_enable=\"false\" data-particle-mobile-disabled=\"false\" class=\"elementor-element elementor-element-625d6759 e-con-full e-flex e-con e-child\" data-id=\"625d6759\" data-element_type=\"container\" data-settings=\"{&quot;background_background&quot;:&quot;classic&quot;}\">\n\t\t\t\t<div class=\"elementor-element elementor-element-9372fa0 elementor-widget elementor-widget-icon-box\" data-id=\"9372fa0\" data-element_type=\"widget\" data-widget_type=\"icon-box.default\">\n\t\t\t\t<div class=\"elementor-widget-container\">\n\t\t\t\t\t\t\t<div class=\"elementor-icon-box-wrapper\">\n\n\t\t\t\n\t\t\t\t\t\t<div class=\"elementor-icon-box-content\">\n\n\t\t\t\t\t\t\t\t\t<h2 class=\"elementor-icon-box-title\">\n\t\t\t\t\t\t<span  >\n\t\t\t\t\t\t\tTRIBU BE HAPPY\t\t\t\t\t\t<\/span>\n\t\t\t\t\t<\/h2>\n\t\t\t\t\n\t\t\t\t\t\t\t\t\t<p class=\"elementor-icon-box-description\">\n\t\t\t\t\t\tComo madres, tenemos la inquietud de encontrar respuestas, de entendernos y de compartir, en el proceso de crianza de nuestros hijos e hijas. \u00c9ste es el objetivo de la Tribu. Nos encontramos una vez al mes, \u00bfte apuntas?\t\t\t\t\t<\/p>\n\t\t\t\t\n\t\t\t<\/div>\n\t\t\t\n\t\t<\/div>\n\t\t\t\t\t\t<\/div>\n\t\t\t\t<\/div>\n\t\t\t\t<div class=\"elementor-element elementor-element-247bdc0 elementor-align-center elementor-widget elementor-widget-button\" data-id=\"247bdc0\" data-element_type=\"widget\" data-widget_type=\"button.default\">\n\t\t\t\t<div class=\"elementor-widget-container\">\n\t\t\t\t\t\t\t\t\t<div class=\"elementor-button-wrapper\">\n\t\t\t\t\t<a class=\"elementor-button elementor-button-link elementor-size-sm\" href=\"https:\/\/tribubehappy.com\/es\/ven-a-la-tribu\/\">\n\t\t\t\t\t\t<span class=\"elementor-button-content-wrapper\">\n\t\t\t\t\t\t\t\t\t<span class=\"elementor-button-text\">ME APUNTO A LA TRIBU<\/span>\n\t\t\t\t\t<\/span>\n\t\t\t\t\t<\/a>\n\t\t\t\t<\/div>\n\t\t\t\t\t\t\t\t<\/div>\n\t\t\t\t<\/div>\n\t\t\t\t<\/div>\n\t\t\t\t<\/div>\n\t\t<div data-particle_enable=\"false\" data-particle-mobile-disabled=\"false\" class=\"elementor-element elementor-element-b323dea e-con-full e-flex e-con e-parent\" data-id=\"b323dea\" data-element_type=\"container\" data-settings=\"{&quot;background_background&quot;:&quot;classic&quot;}\">\n\t\t\t\t<div class=\"elementor-element elementor-element-faf0a33 elementor-widget elementor-widget-heading\" data-id=\"faf0a33\" data-element_type=\"widget\" data-widget_type=\"heading.default\">\n\t\t\t\t<div class=\"elementor-widget-container\">\n\t\t\t\t\t<h2 class=\"elementor-heading-title elementor-size-default\">LAS ALMAS DE LA TRIBU<\/h2>\t\t\t\t<\/div>\n\t\t\t\t<\/div>\n\t\t\t\t<\/div>\n\t\t<div data-particle_enable=\"false\" data-particle-mobile-disabled=\"false\" class=\"elementor-element elementor-element-0ee721b e-con-full e-flex e-con e-parent\" data-id=\"0ee721b\" data-element_type=\"container\">\n\t\t<div data-particle_enable=\"false\" data-particle-mobile-disabled=\"false\" class=\"elementor-element elementor-element-e75c4a0 e-con-full e-flex e-con e-child\" data-id=\"e75c4a0\" data-element_type=\"container\" data-settings=\"{&quot;background_background&quot;:&quot;classic&quot;}\">\n\t\t\t\t<div class=\"elementor-element elementor-element-873014d elementor-widget elementor-widget-icon-box\" data-id=\"873014d\" data-element_type=\"widget\" data-widget_type=\"icon-box.default\">\n\t\t\t\t<div class=\"elementor-widget-container\">\n\t\t\t\t\t\t\t<div class=\"elementor-icon-box-wrapper\">\n\n\t\t\t\n\t\t\t\t\t\t<div class=\"elementor-icon-box-content\">\n\n\t\t\t\t\t\t\t\t\t<h2 class=\"elementor-icon-box-title\">\n\t\t\t\t\t\t<span  >\n\t\t\t\t\t\t\tAROA BELTRAN\t\t\t\t\t\t<\/span>\n\t\t\t\t\t<\/h2>\n\t\t\t\t\n\t\t\t\t\t\t\t\t\t<p class=\"elementor-icon-box-description\">\n\t\t\t\t\t\tAroa es madre de gemelos, educadora infantil y emocional, especializada en primera infancia y acompa\u00f1amientos familiar.\n Ella es quien est\u00e1 al frente de la Tribu presencial.\t\t\t\t\t<\/p>\n\t\t\t\t\n\t\t\t<\/div>\n\t\t\t\n\t\t<\/div>\n\t\t\t\t\t\t<\/div>\n\t\t\t\t<\/div>\n\t\t\t\t<div class=\"elementor-element elementor-element-133512e elementor-align-center elementor-widget elementor-widget-button\" data-id=\"133512e\" data-element_type=\"widget\" data-widget_type=\"button.default\">\n\t\t\t\t<div class=\"elementor-widget-container\">\n\t\t\t\t\t\t\t\t\t<div class=\"elementor-button-wrapper\">\n\t\t\t\t\t<a class=\"elementor-button elementor-button-link elementor-size-sm\" href=\"https:\/\/tribubehappy.com\/es\/quenes-somos\/\">\n\t\t\t\t\t\t<span class=\"elementor-button-content-wrapper\">\n\t\t\t\t\t\t\t\t\t<span class=\"elementor-button-text\">CON\u00d3CENOS<\/span>\n\t\t\t\t\t<\/span>\n\t\t\t\t\t<\/a>\n\t\t\t\t<\/div>\n\t\t\t\t\t\t\t\t<\/div>\n\t\t\t\t<\/div>\n\t\t\t\t<\/div>\n\t\t<div data-particle_enable=\"false\" data-particle-mobile-disabled=\"false\" class=\"elementor-element elementor-element-1726c45 e-con-full e-flex e-con e-child\" data-id=\"1726c45\" data-element_type=\"container\" data-settings=\"{&quot;background_background&quot;:&quot;classic&quot;}\">\n\t\t\t\t<div class=\"elementor-element elementor-element-2f98039 elementor-widget elementor-widget-icon-box\" data-id=\"2f98039\" data-element_type=\"widget\" data-widget_type=\"icon-box.default\">\n\t\t\t\t<div class=\"elementor-widget-container\">\n\t\t\t\t\t\t\t<div class=\"elementor-icon-box-wrapper\">\n\n\t\t\t\n\t\t\t\t\t\t<div class=\"elementor-icon-box-content\">\n\n\t\t\t\t\t\t\t\t\t<h2 class=\"elementor-icon-box-title\">\n\t\t\t\t\t\t<span  >\n\t\t\t\t\t\t\tMARTA LUJAN\t\t\t\t\t\t<\/span>\n\t\t\t\t\t<\/h2>\n\t\t\t\t\n\t\t\t\t\t\t\t\t\t<p class=\"elementor-icon-box-description\">\n\t\t\t\t\t\tMarta es madre de un ni\u00f1o, psic\u00f3loga especializada en trauma y apego infantil y juvenil, y terapeuta Gestalt. Es quien est\u00e1 detr\u00e1s de la parte online de la Tribu.\t\t\t\t\t<\/p>\n\t\t\t\t\n\t\t\t<\/div>\n\t\t\t\n\t\t<\/div>\n\t\t\t\t\t\t<\/div>\n\t\t\t\t<\/div>\n\t\t\t\t<div class=\"elementor-element elementor-element-fcd3078 elementor-align-center elementor-widget elementor-widget-button\" data-id=\"fcd3078\" data-element_type=\"widget\" data-widget_type=\"button.default\">\n\t\t\t\t<div class=\"elementor-widget-container\">\n\t\t\t\t\t\t\t\t\t<div class=\"elementor-button-wrapper\">\n\t\t\t\t\t<a class=\"elementor-button elementor-button-link elementor-size-sm\" href=\"https:\/\/tribubehappy.com\/es\/quenes-somos\/\">\n\t\t\t\t\t\t<span class=\"elementor-button-content-wrapper\">\n\t\t\t\t\t\t\t\t\t<span class=\"elementor-button-text\">CON\u00d3CENOS<\/span>\n\t\t\t\t\t<\/span>\n\t\t\t\t\t<\/a>\n\t\t\t\t<\/div>\n\t\t\t\t\t\t\t\t<\/div>\n\t\t\t\t<\/div>\n\t\t\t\t<\/div>\n\t\t\t\t<\/div>\n\t\t\t\t<\/div>\n\t\t","protected":false},"excerpt":{"rendered":"<p>Bienvenida a la Tribu Be Happy Un espacio para compartir, para entender, para conectar. \u00a1Para saber que, en la crianza, lo que te pasa a ti, nos pasa a todas! \u00bfQUIERES FORMAR PARTE DE LA TRIBU? \u00bfTe gustar\u00eda conectar m\u00e1s con tu hijo o hija, gestionar los momentos de conflicto y saberte expresar con asertividad? [&hellip;]<\/p>\n","protected":false},"author":1,"featured_media":143,"parent":0,"menu_order":0,"comment_status":"closed","ping_status":"closed","template":"elementor_header_footer","meta":{"footnotes":""},"class_list":["post-534","page","type-page","status-publish","has-post-thumbnail","hentry"],"yoast_head":"<!-- This site is optimized with the Yoast SEO plugin v24.9 - https:\/\/yoast.com\/wordpress\/plugins\/seo\/ -->\n<title>Home - tribubehappy.com<\/title>\n<meta name=\"robots\" content=\"index, follow, max-snippet:-1, max-image-preview:large, max-video-preview:-1\" \/>\n<link rel=\"canonical\" href=\"https:\/\/tribubehappy.com\/es\/home\/\" \/>\n<meta property=\"og:locale\" content=\"es_ES\" \/>\n<meta property=\"og:type\" content=\"article\" \/>\n<meta property=\"og:title\" content=\"Home - tribubehappy.com\" \/>\n<meta property=\"og:description\" content=\"Bienvenida a la Tribu Be Happy Un espacio para compartir, para entender, para conectar. \u00a1Para saber que, en la crianza, lo que te pasa a ti, nos pasa a todas! \u00bfQUIERES FORMAR PARTE DE LA TRIBU? \u00bfTe gustar\u00eda conectar m\u00e1s con tu hijo o hija, gestionar los momentos de conflicto y saberte expresar con asertividad? [&hellip;]\" \/>\n<meta property=\"og:url\" content=\"https:\/\/tribubehappy.com\/es\/home\/\" \/>\n<meta property=\"og:site_name\" content=\"tribubehappy.com\" \/>\n<meta property=\"article:modified_time\" content=\"2025-02-26T12:16:52+00:00\" \/>\n<meta property=\"og:image\" content=\"https:\/\/tribubehappy.com\/wp-content\/uploads\/2024\/10\/Handmade-Kid-Shop-Home.jpg\" \/>\n\t<meta property=\"og:image:width\" content=\"400\" \/>\n\t<meta property=\"og:image:height\" content=\"380\" \/>\n\t<meta property=\"og:image:type\" content=\"image\/jpeg\" \/>\n<meta name=\"twitter:card\" content=\"summary_large_image\" \/>\n<meta name=\"twitter:label1\" content=\"Tiempo de lectura\" \/>\n\t<meta name=\"twitter:data1\" content=\"1 minuto\" \/>\n<script type=\"application\/ld+json\" class=\"yoast-schema-graph\">{\"@context\":\"https:\/\/schema.org\",\"@graph\":[{\"@type\":\"WebPage\",\"@id\":\"https:\/\/tribubehappy.com\/es\/home\/\",\"url\":\"https:\/\/tribubehappy.com\/es\/home\/\",\"name\":\"Home - tribubehappy.com\",\"isPartOf\":{\"@id\":\"https:\/\/tribubehappy.com\/#website\"},\"primaryImageOfPage\":{\"@id\":\"https:\/\/tribubehappy.com\/es\/home\/#primaryimage\"},\"image\":{\"@id\":\"https:\/\/tribubehappy.com\/es\/home\/#primaryimage\"},\"thumbnailUrl\":\"https:\/\/tribubehappy.com\/wp-content\/uploads\/2024\/10\/Handmade-Kid-Shop-Home.jpg\",\"datePublished\":\"2024-10-01T10:18:17+00:00\",\"dateModified\":\"2025-02-26T12:16:52+00:00\",\"breadcrumb\":{\"@id\":\"https:\/\/tribubehappy.com\/es\/home\/#breadcrumb\"},\"inLanguage\":\"es\",\"potentialAction\":[{\"@type\":\"ReadAction\",\"target\":[\"https:\/\/tribubehappy.com\/es\/home\/\"]}]},{\"@type\":\"ImageObject\",\"inLanguage\":\"es\",\"@id\":\"https:\/\/tribubehappy.com\/es\/home\/#primaryimage\",\"url\":\"https:\/\/tribubehappy.com\/wp-content\/uploads\/2024\/10\/Handmade-Kid-Shop-Home.jpg\",\"contentUrl\":\"https:\/\/tribubehappy.com\/wp-content\/uploads\/2024\/10\/Handmade-Kid-Shop-Home.jpg\",\"width\":400,\"height\":380},{\"@type\":\"BreadcrumbList\",\"@id\":\"https:\/\/tribubehappy.com\/es\/home\/#breadcrumb\",\"itemListElement\":[{\"@type\":\"ListItem\",\"position\":1,\"name\":\"Portada\",\"item\":\"https:\/\/tribubehappy.com\/es\/home\/\"},{\"@type\":\"ListItem\",\"position\":2,\"name\":\"Home\"}]},{\"@type\":\"WebSite\",\"@id\":\"https:\/\/tribubehappy.com\/#website\",\"url\":\"https:\/\/tribubehappy.com\/\",\"name\":\"tribubehappy.com\",\"description\":\"\",\"publisher\":{\"@id\":\"https:\/\/tribubehappy.com\/#organization\"},\"potentialAction\":[{\"@type\":\"SearchAction\",\"target\":{\"@type\":\"EntryPoint\",\"urlTemplate\":\"https:\/\/tribubehappy.com\/?s={search_term_string}\"},\"query-input\":{\"@type\":\"PropertyValueSpecification\",\"valueRequired\":true,\"valueName\":\"search_term_string\"}}],\"inLanguage\":\"es\"},{\"@type\":\"Organization\",\"@id\":\"https:\/\/tribubehappy.com\/#organization\",\"name\":\"tribubehappy.com\",\"url\":\"https:\/\/tribubehappy.com\/\",\"logo\":{\"@type\":\"ImageObject\",\"inLanguage\":\"es\",\"@id\":\"https:\/\/tribubehappy.com\/#\/schema\/logo\/image\/\",\"url\":\"https:\/\/tribubehappy.com\/wp-content\/uploads\/2024\/10\/logo_transparent-e1731493060822.png\",\"contentUrl\":\"https:\/\/tribubehappy.com\/wp-content\/uploads\/2024\/10\/logo_transparent-e1731493060822.png\",\"width\":414,\"height\":53,\"caption\":\"tribubehappy.com\"},\"image\":{\"@id\":\"https:\/\/tribubehappy.com\/#\/schema\/logo\/image\/\"}}]}<\/script>\n<!-- \/ Yoast SEO plugin. -->","yoast_head_json":{"title":"Home - tribubehappy.com","robots":{"index":"index","follow":"follow","max-snippet":"max-snippet:-1","max-image-preview":"max-image-preview:large","max-video-preview":"max-video-preview:-1"},"canonical":"https:\/\/tribubehappy.com\/es\/home\/","og_locale":"es_ES","og_type":"article","og_title":"Home - tribubehappy.com","og_description":"Bienvenida a la Tribu Be Happy Un espacio para compartir, para entender, para conectar. \u00a1Para saber que, en la crianza, lo que te pasa a ti, nos pasa a todas! \u00bfQUIERES FORMAR PARTE DE LA TRIBU? \u00bfTe gustar\u00eda conectar m\u00e1s con tu hijo o hija, gestionar los momentos de conflicto y saberte expresar con asertividad? [&hellip;]","og_url":"https:\/\/tribubehappy.com\/es\/home\/","og_site_name":"tribubehappy.com","article_modified_time":"2025-02-26T12:16:52+00:00","og_image":[{"width":400,"height":380,"url":"https:\/\/tribubehappy.com\/wp-content\/uploads\/2024\/10\/Handmade-Kid-Shop-Home.jpg","type":"image\/jpeg"}],"twitter_card":"summary_large_image","twitter_misc":{"Tiempo de lectura":"1 minuto"},"schema":{"@context":"https:\/\/schema.org","@graph":[{"@type":"WebPage","@id":"https:\/\/tribubehappy.com\/es\/home\/","url":"https:\/\/tribubehappy.com\/es\/home\/","name":"Home - tribubehappy.com","isPartOf":{"@id":"https:\/\/tribubehappy.com\/#website"},"primaryImageOfPage":{"@id":"https:\/\/tribubehappy.com\/es\/home\/#primaryimage"},"image":{"@id":"https:\/\/tribubehappy.com\/es\/home\/#primaryimage"},"thumbnailUrl":"https:\/\/tribubehappy.com\/wp-content\/uploads\/2024\/10\/Handmade-Kid-Shop-Home.jpg","datePublished":"2024-10-01T10:18:17+00:00","dateModified":"2025-02-26T12:16:52+00:00","breadcrumb":{"@id":"https:\/\/tribubehappy.com\/es\/home\/#breadcrumb"},"inLanguage":"es","potentialAction":[{"@type":"ReadAction","target":["https:\/\/tribubehappy.com\/es\/home\/"]}]},{"@type":"ImageObject","inLanguage":"es","@id":"https:\/\/tribubehappy.com\/es\/home\/#primaryimage","url":"https:\/\/tribubehappy.com\/wp-content\/uploads\/2024\/10\/Handmade-Kid-Shop-Home.jpg","contentUrl":"https:\/\/tribubehappy.com\/wp-content\/uploads\/2024\/10\/Handmade-Kid-Shop-Home.jpg","width":400,"height":380},{"@type":"BreadcrumbList","@id":"https:\/\/tribubehappy.com\/es\/home\/#breadcrumb","itemListElement":[{"@type":"ListItem","position":1,"name":"Portada","item":"https:\/\/tribubehappy.com\/es\/home\/"},{"@type":"ListItem","position":2,"name":"Home"}]},{"@type":"WebSite","@id":"https:\/\/tribubehappy.com\/#website","url":"https:\/\/tribubehappy.com\/","name":"tribubehappy.com","description":"","publisher":{"@id":"https:\/\/tribubehappy.com\/#organization"},"potentialAction":[{"@type":"SearchAction","target":{"@type":"EntryPoint","urlTemplate":"https:\/\/tribubehappy.com\/?s={search_term_string}"},"query-input":{"@type":"PropertyValueSpecification","valueRequired":true,"valueName":"search_term_string"}}],"inLanguage":"es"},{"@type":"Organization","@id":"https:\/\/tribubehappy.com\/#organization","name":"tribubehappy.com","url":"https:\/\/tribubehappy.com\/","logo":{"@type":"ImageObject","inLanguage":"es","@id":"https:\/\/tribubehappy.com\/#\/schema\/logo\/image\/","url":"https:\/\/tribubehappy.com\/wp-content\/uploads\/2024\/10\/logo_transparent-e1731493060822.png","contentUrl":"https:\/\/tribubehappy.com\/wp-content\/uploads\/2024\/10\/logo_transparent-e1731493060822.png","width":414,"height":53,"caption":"tribubehappy.com"},"image":{"@id":"https:\/\/tribubehappy.com\/#\/schema\/logo\/image\/"}}]}},"_links":{"self":[{"href":"https:\/\/tribubehappy.com\/es\/wp-json\/wp\/v2\/pages\/534","targetHints":{"allow":["GET"]}}],"collection":[{"href":"https:\/\/tribubehappy.com\/es\/wp-json\/wp\/v2\/pages"}],"about":[{"href":"https:\/\/tribubehappy.com\/es\/wp-json\/wp\/v2\/types\/page"}],"author":[{"embeddable":true,"href":"https:\/\/tribubehappy.com\/es\/wp-json\/wp\/v2\/users\/1"}],"replies":[{"embeddable":true,"href":"https:\/\/tribubehappy.com\/es\/wp-json\/wp\/v2\/comments?post=534"}],"version-history":[{"count":3,"href":"https:\/\/tribubehappy.com\/es\/wp-json\/wp\/v2\/pages\/534\/revisions"}],"predecessor-version":[{"id":829,"href":"https:\/\/tribubehappy.com\/es\/wp-json\/wp\/v2\/pages\/534\/revisions\/829"}],"wp:featuredmedia":[{"embeddable":true,"href":"https:\/\/tribubehappy.com\/es\/wp-json\/wp\/v2\/media\/143"}],"wp:attachment":[{"href":"https:\/\/tribubehappy.com\/es\/wp-json\/wp\/v2\/media?parent=534"}],"curies":[{"name":"wp","href":"https:\/\/api.w.org\/{rel}","templated":true}]}}