{"id":536,"date":"2024-10-06T07:49:14","date_gmt":"2024-10-06T07:49:14","guid":{"rendered":"https:\/\/tribubehappy.com\/quienes-somos\/"},"modified":"2025-02-26T12:18:49","modified_gmt":"2025-02-26T12:18:49","slug":"quenes-somos","status":"publish","type":"page","link":"https:\/\/tribubehappy.com\/es\/quenes-somos\/","title":{"rendered":"Qui\u00e9nes somos"},"content":{"rendered":"\t\t<div data-elementor-type=\"wp-page\" data-elementor-id=\"536\" class=\"elementor elementor-536 elementor-248\" data-elementor-post-type=\"page\">\n\t\t\t\t<div data-particle_enable=\"false\" data-particle-mobile-disabled=\"false\" class=\"elementor-element elementor-element-51a86051 e-flex e-con-boxed e-con e-parent\" data-id=\"51a86051\" data-element_type=\"container\" data-settings=\"{&quot;background_background&quot;:&quot;classic&quot;}\">\n\t\t\t\t\t<div class=\"e-con-inner\">\n\t\t\t\t<div class=\"elementor-element elementor-element-249b9291 elementor-invisible elementor-widget elementor-widget-heading\" data-id=\"249b9291\" data-element_type=\"widget\" data-settings=\"{&quot;_animation&quot;:&quot;slideInUp&quot;}\" data-widget_type=\"heading.default\">\n\t\t\t\t<div class=\"elementor-widget-container\">\n\t\t\t\t\t<h1 class=\"elementor-heading-title elementor-size-default\">AROA BELTRAN &amp; MARTA LUJAN<\/h1>\t\t\t\t<\/div>\n\t\t\t\t<\/div>\n\t\t\t\t<div class=\"elementor-element elementor-element-58e042fb elementor-widget elementor-widget-heading\" data-id=\"58e042fb\" data-element_type=\"widget\" data-widget_type=\"heading.default\">\n\t\t\t\t<div class=\"elementor-widget-container\">\n\t\t\t\t\t<h5 class=\"elementor-heading-title elementor-size-default\">Las dos almas de la Tribu<\/h5>\t\t\t\t<\/div>\n\t\t\t\t<\/div>\n\t\t\t\t\t<\/div>\n\t\t\t\t<\/div>\n\t\t<div data-particle_enable=\"false\" data-particle-mobile-disabled=\"false\" class=\"elementor-element elementor-element-3498cda2 e-con-full e-flex e-con e-parent\" data-id=\"3498cda2\" data-element_type=\"container\">\n\t\t<div data-particle_enable=\"false\" data-particle-mobile-disabled=\"false\" class=\"elementor-element elementor-element-badb3c e-con-full e-flex e-con e-child\" data-id=\"badb3c\" data-element_type=\"container\">\n\t\t\t\t<div class=\"elementor-element elementor-element-3f12478 elementor-widget elementor-widget-image\" data-id=\"3f12478\" data-element_type=\"widget\" data-widget_type=\"image.default\">\n\t\t\t\t<div class=\"elementor-widget-container\">\n\t\t\t\t\t\t\t\t\t\t\t\t\t\t\t<img fetchpriority=\"high\" decoding=\"async\" width=\"828\" height=\"1005\" src=\"https:\/\/tribubehappy.com\/wp-content\/uploads\/2024\/11\/foto-aroa.webp\" class=\"attachment-full size-full wp-image-520\" alt=\"\" srcset=\"https:\/\/tribubehappy.com\/wp-content\/uploads\/2024\/11\/foto-aroa.webp 828w, https:\/\/tribubehappy.com\/wp-content\/uploads\/2024\/11\/foto-aroa-600x728.webp 600w, https:\/\/tribubehappy.com\/wp-content\/uploads\/2024\/11\/foto-aroa-247x300.webp 247w, https:\/\/tribubehappy.com\/wp-content\/uploads\/2024\/11\/foto-aroa-768x932.webp 768w\" sizes=\"(max-width: 828px) 100vw, 828px\" \/>\t\t\t\t\t\t\t\t\t\t\t\t\t\t\t<\/div>\n\t\t\t\t<\/div>\n\t\t\t\t<\/div>\n\t\t<div data-particle_enable=\"false\" data-particle-mobile-disabled=\"false\" class=\"elementor-element elementor-element-625d6759 e-con-full e-flex e-con e-child\" data-id=\"625d6759\" data-element_type=\"container\" data-settings=\"{&quot;background_background&quot;:&quot;classic&quot;}\">\n\t\t\t\t<div class=\"elementor-element elementor-element-a5796aa elementor-widget elementor-widget-heading\" data-id=\"a5796aa\" data-element_type=\"widget\" data-widget_type=\"heading.default\">\n\t\t\t\t<div class=\"elementor-widget-container\">\n\t\t\t\t\t<h2 class=\"elementor-heading-title elementor-size-default\">AROA BELTR\u00c1N<\/h2>\t\t\t\t<\/div>\n\t\t\t\t<\/div>\n\t\t\t\t<div class=\"elementor-element elementor-element-1154189 elementor-widget elementor-widget-text-editor\" data-id=\"1154189\" data-element_type=\"widget\" data-widget_type=\"text-editor.default\">\n\t\t\t\t<div class=\"elementor-widget-container\">\n\t\t\t\t\t\t\t\t\t<p>Soy Aroa Beltran, madre de gemelos, educadora infantil y emocional, especializada en primera infancia y acompa\u00f1amientos familiar.<\/p>\n<p>Mi necesidad de entender y gestionar todo lo que vivo me conduce a ser una apasionada del crecimiento personal y mi necesidad de aprender y entender me lleva a estar en constante formaci\u00f3n y revisi\u00f3n. Para m\u00ed mi vagaje y mi experiencia personal es mi carrera de vida, es uno de mis tesoro m\u00e1s apreciados, y me impulsa por hacer lo que realmente me entusiasma, compartir y acompa\u00f1ar emocionalmente a peque\u00f1os y mayores hacia un camino m\u00e1s tranquilo y feliz.<\/p>\n<p>Me encanta investigar los aprendizajes naturales, el juego y desarrollo humano. Me he formado en educaci\u00f3n emocional, terapia Gestalt especializada en ni\u00f1os y adolescentes, juego libre, neuroeducaci\u00f3n, programaci\u00f3n neuroling\u00fc\u00edstica, bionerg\u00e9tica, educaci\u00f3n viva y pedagog\u00eda sist\u00e9mica 0a3, desarrollos psicoafectivos, y un largo etc&#8230; que me convierten en una enamorada de la vida como herramienta terap\u00e9utica.<\/p>\n<p>En estos m\u00e1s de 20 a\u00f1os trabajando con ni\u00f1os y familias he podido experimentar y acompa\u00f1ar a muchos ni\u00f1os y familias a encontrar la mejor manera de vivir lo mejor posible con la realidad que tenemos! \u00a1Y ese es mi deseo! Compartir y acompa\u00f1aros en el d\u00eda a d\u00eda en este apasionante mundo de la crianza y de las emociones.  <\/p>\n\t\t\t\t\t\t\t\t<\/div>\n\t\t\t\t<\/div>\n\t\t\t\t<\/div>\n\t\t\t\t<\/div>\n\t\t<div data-particle_enable=\"false\" data-particle-mobile-disabled=\"false\" class=\"elementor-element elementor-element-79138ff1 e-con-full e-flex e-con e-parent\" data-id=\"79138ff1\" data-element_type=\"container\">\n\t\t<div data-particle_enable=\"false\" data-particle-mobile-disabled=\"false\" class=\"elementor-element elementor-element-770a8f48 e-con-full e-flex e-con e-child\" data-id=\"770a8f48\" data-element_type=\"container\" data-settings=\"{&quot;background_background&quot;:&quot;classic&quot;}\">\n\t\t\t\t<div class=\"elementor-element elementor-element-9b7665b elementor-widget elementor-widget-heading\" data-id=\"9b7665b\" data-element_type=\"widget\" data-widget_type=\"heading.default\">\n\t\t\t\t<div class=\"elementor-widget-container\">\n\t\t\t\t\t<h2 class=\"elementor-heading-title elementor-size-default\">MARTA LUJAN<\/h2>\t\t\t\t<\/div>\n\t\t\t\t<\/div>\n\t\t\t\t<div class=\"elementor-element elementor-element-6dc89bf elementor-widget elementor-widget-text-editor\" data-id=\"6dc89bf\" data-element_type=\"widget\" data-widget_type=\"text-editor.default\">\n\t\t\t\t<div class=\"elementor-widget-container\">\n\t\t\t\t\t\t\t\t\t<p>Soy Marta Lujan, madre de un ni\u00f1o por adopci\u00f3n, psic\u00f3loga experta en trauma y apego (apego) infantil, y terapeuta Gestalt.<\/p>\n<p>Mi inter\u00e9s por la psicolog\u00eda y el autoconocimiento se acentu\u00f3 cuando fui madre. A menudo se dice que tener un hijo te pone frente a un espejo y as\u00ed fue. Y hubo un momento en que entend\u00ed que para ser madre, primero deb\u00eda conocerme a m\u00ed. \u00c9ste ha sido mi camino.<\/p>\n<p>Y ahora, pese a equivocarme mil veces y pensar que podr\u00eda hacerlo mejor, ya s\u00e9 porqu\u00e9 me frustra tanto que mi hijo no me haga caso, por ejemplo. Entenderme, por un lado, me tranquiliza, y por otro, me empuja a buscar recursos y herramientas para gestionarme.<\/p>\n<p>Y antes de todo esto, antes de ser madre y entrar en el maravilloso mundo de la crianza, me dedicaba a la comunicaci\u00f3n online y al dise\u00f1o web. Por eso yo soy quien est\u00e1 detr\u00e1s de la parte online de la Tribu, haciendo que todo funcione correctamente y dise\u00f1ando hasta el \u00faltimo rinc\u00f3n de esta p\u00e1gina web tan bonita que tenemos.<\/p>\n\t\t\t\t\t\t\t\t<\/div>\n\t\t\t\t<\/div>\n\t\t\t\t<\/div>\n\t\t<div data-particle_enable=\"false\" data-particle-mobile-disabled=\"false\" class=\"elementor-element elementor-element-534c17df e-con-full e-flex e-con e-child\" data-id=\"534c17df\" data-element_type=\"container\">\n\t\t\t\t<div class=\"elementor-element elementor-element-6b99f18 elementor-widget elementor-widget-image\" data-id=\"6b99f18\" data-element_type=\"widget\" data-widget_type=\"image.default\">\n\t\t\t\t<div class=\"elementor-widget-container\">\n\t\t\t\t\t\t\t\t\t\t\t\t\t\t\t<img decoding=\"async\" width=\"795\" height=\"956\" src=\"https:\/\/tribubehappy.com\/wp-content\/uploads\/2024\/11\/foto-marta-1.webp\" class=\"attachment-large size-large wp-image-529\" alt=\"\" srcset=\"https:\/\/tribubehappy.com\/wp-content\/uploads\/2024\/11\/foto-marta-1.webp 795w, https:\/\/tribubehappy.com\/wp-content\/uploads\/2024\/11\/foto-marta-1-600x722.webp 600w, https:\/\/tribubehappy.com\/wp-content\/uploads\/2024\/11\/foto-marta-1-249x300.webp 249w, https:\/\/tribubehappy.com\/wp-content\/uploads\/2024\/11\/foto-marta-1-768x924.webp 768w\" sizes=\"(max-width: 795px) 100vw, 795px\" \/>\t\t\t\t\t\t\t\t\t\t\t\t\t\t\t<\/div>\n\t\t\t\t<\/div>\n\t\t\t\t<\/div>\n\t\t\t\t<\/div>\n\t\t\t\t<\/div>\n\t\t","protected":false},"excerpt":{"rendered":"<p>AROA BELTRAN &amp; MARTA LUJAN Las dos almas de la Tribu AROA BELTR\u00c1N Soy Aroa Beltran, madre de gemelos, educadora infantil y emocional, especializada en primera infancia y acompa\u00f1amientos familiar. Mi necesidad de entender y gestionar todo lo que vivo me conduce a ser una apasionada del crecimiento personal y mi necesidad de aprender y [&hellip;]<\/p>\n","protected":false},"author":1,"featured_media":143,"parent":0,"menu_order":0,"comment_status":"closed","ping_status":"closed","template":"elementor_header_footer","meta":{"footnotes":""},"class_list":["post-536","page","type-page","status-publish","has-post-thumbnail","hentry"],"yoast_head":"<!-- This site is optimized with the Yoast SEO plugin v24.9 - https:\/\/yoast.com\/wordpress\/plugins\/seo\/ -->\n<title>Qui\u00e9nes somos - tribubehappy.com<\/title>\n<meta name=\"robots\" content=\"index, follow, max-snippet:-1, max-image-preview:large, max-video-preview:-1\" \/>\n<link rel=\"canonical\" href=\"https:\/\/tribubehappy.com\/es\/quenes-somos\/\" \/>\n<meta property=\"og:locale\" content=\"es_ES\" \/>\n<meta property=\"og:type\" content=\"article\" \/>\n<meta property=\"og:title\" content=\"Qui\u00e9nes somos - tribubehappy.com\" \/>\n<meta property=\"og:description\" content=\"AROA BELTRAN &amp; MARTA LUJAN Las dos almas de la Tribu AROA BELTR\u00c1N Soy Aroa Beltran, madre de gemelos, educadora infantil y emocional, especializada en primera infancia y acompa\u00f1amientos familiar. Mi necesidad de entender y gestionar todo lo que vivo me conduce a ser una apasionada del crecimiento personal y mi necesidad de aprender y [&hellip;]\" \/>\n<meta property=\"og:url\" content=\"https:\/\/tribubehappy.com\/es\/quenes-somos\/\" \/>\n<meta property=\"og:site_name\" content=\"tribubehappy.com\" \/>\n<meta property=\"article:modified_time\" content=\"2025-02-26T12:18:49+00:00\" \/>\n<meta property=\"og:image\" content=\"https:\/\/tribubehappy.com\/wp-content\/uploads\/2024\/10\/Handmade-Kid-Shop-Home.jpg\" \/>\n\t<meta property=\"og:image:width\" content=\"400\" \/>\n\t<meta property=\"og:image:height\" content=\"380\" \/>\n\t<meta property=\"og:image:type\" content=\"image\/jpeg\" \/>\n<meta name=\"twitter:card\" content=\"summary_large_image\" \/>\n<meta name=\"twitter:label1\" content=\"Tiempo de lectura\" \/>\n\t<meta name=\"twitter:data1\" content=\"2 minutos\" \/>\n<script type=\"application\/ld+json\" class=\"yoast-schema-graph\">{\"@context\":\"https:\/\/schema.org\",\"@graph\":[{\"@type\":\"WebPage\",\"@id\":\"https:\/\/tribubehappy.com\/es\/quenes-somos\/\",\"url\":\"https:\/\/tribubehappy.com\/es\/quenes-somos\/\",\"name\":\"Qui\u00e9nes somos - tribubehappy.com\",\"isPartOf\":{\"@id\":\"https:\/\/tribubehappy.com\/#website\"},\"primaryImageOfPage\":{\"@id\":\"https:\/\/tribubehappy.com\/es\/quenes-somos\/#primaryimage\"},\"image\":{\"@id\":\"https:\/\/tribubehappy.com\/es\/quenes-somos\/#primaryimage\"},\"thumbnailUrl\":\"https:\/\/tribubehappy.com\/wp-content\/uploads\/2024\/10\/Handmade-Kid-Shop-Home.jpg\",\"datePublished\":\"2024-10-06T07:49:14+00:00\",\"dateModified\":\"2025-02-26T12:18:49+00:00\",\"breadcrumb\":{\"@id\":\"https:\/\/tribubehappy.com\/es\/quenes-somos\/#breadcrumb\"},\"inLanguage\":\"es\",\"potentialAction\":[{\"@type\":\"ReadAction\",\"target\":[\"https:\/\/tribubehappy.com\/es\/quenes-somos\/\"]}]},{\"@type\":\"ImageObject\",\"inLanguage\":\"es\",\"@id\":\"https:\/\/tribubehappy.com\/es\/quenes-somos\/#primaryimage\",\"url\":\"https:\/\/tribubehappy.com\/wp-content\/uploads\/2024\/10\/Handmade-Kid-Shop-Home.jpg\",\"contentUrl\":\"https:\/\/tribubehappy.com\/wp-content\/uploads\/2024\/10\/Handmade-Kid-Shop-Home.jpg\",\"width\":400,\"height\":380},{\"@type\":\"BreadcrumbList\",\"@id\":\"https:\/\/tribubehappy.com\/es\/quenes-somos\/#breadcrumb\",\"itemListElement\":[{\"@type\":\"ListItem\",\"position\":1,\"name\":\"Portada\",\"item\":\"https:\/\/tribubehappy.com\/es\/home\/\"},{\"@type\":\"ListItem\",\"position\":2,\"name\":\"Qui\u00e9nes somos\"}]},{\"@type\":\"WebSite\",\"@id\":\"https:\/\/tribubehappy.com\/#website\",\"url\":\"https:\/\/tribubehappy.com\/\",\"name\":\"tribubehappy.com\",\"description\":\"\",\"publisher\":{\"@id\":\"https:\/\/tribubehappy.com\/#organization\"},\"potentialAction\":[{\"@type\":\"SearchAction\",\"target\":{\"@type\":\"EntryPoint\",\"urlTemplate\":\"https:\/\/tribubehappy.com\/?s={search_term_string}\"},\"query-input\":{\"@type\":\"PropertyValueSpecification\",\"valueRequired\":true,\"valueName\":\"search_term_string\"}}],\"inLanguage\":\"es\"},{\"@type\":\"Organization\",\"@id\":\"https:\/\/tribubehappy.com\/#organization\",\"name\":\"tribubehappy.com\",\"url\":\"https:\/\/tribubehappy.com\/\",\"logo\":{\"@type\":\"ImageObject\",\"inLanguage\":\"es\",\"@id\":\"https:\/\/tribubehappy.com\/#\/schema\/logo\/image\/\",\"url\":\"https:\/\/tribubehappy.com\/wp-content\/uploads\/2024\/10\/logo_transparent-e1731493060822.png\",\"contentUrl\":\"https:\/\/tribubehappy.com\/wp-content\/uploads\/2024\/10\/logo_transparent-e1731493060822.png\",\"width\":414,\"height\":53,\"caption\":\"tribubehappy.com\"},\"image\":{\"@id\":\"https:\/\/tribubehappy.com\/#\/schema\/logo\/image\/\"}}]}<\/script>\n<!-- \/ Yoast SEO plugin. -->","yoast_head_json":{"title":"Qui\u00e9nes somos - tribubehappy.com","robots":{"index":"index","follow":"follow","max-snippet":"max-snippet:-1","max-image-preview":"max-image-preview:large","max-video-preview":"max-video-preview:-1"},"canonical":"https:\/\/tribubehappy.com\/es\/quenes-somos\/","og_locale":"es_ES","og_type":"article","og_title":"Qui\u00e9nes somos - tribubehappy.com","og_description":"AROA BELTRAN &amp; MARTA LUJAN Las dos almas de la Tribu AROA BELTR\u00c1N Soy Aroa Beltran, madre de gemelos, educadora infantil y emocional, especializada en primera infancia y acompa\u00f1amientos familiar. Mi necesidad de entender y gestionar todo lo que vivo me conduce a ser una apasionada del crecimiento personal y mi necesidad de aprender y [&hellip;]","og_url":"https:\/\/tribubehappy.com\/es\/quenes-somos\/","og_site_name":"tribubehappy.com","article_modified_time":"2025-02-26T12:18:49+00:00","og_image":[{"width":400,"height":380,"url":"https:\/\/tribubehappy.com\/wp-content\/uploads\/2024\/10\/Handmade-Kid-Shop-Home.jpg","type":"image\/jpeg"}],"twitter_card":"summary_large_image","twitter_misc":{"Tiempo de lectura":"2 minutos"},"schema":{"@context":"https:\/\/schema.org","@graph":[{"@type":"WebPage","@id":"https:\/\/tribubehappy.com\/es\/quenes-somos\/","url":"https:\/\/tribubehappy.com\/es\/quenes-somos\/","name":"Qui\u00e9nes somos - tribubehappy.com","isPartOf":{"@id":"https:\/\/tribubehappy.com\/#website"},"primaryImageOfPage":{"@id":"https:\/\/tribubehappy.com\/es\/quenes-somos\/#primaryimage"},"image":{"@id":"https:\/\/tribubehappy.com\/es\/quenes-somos\/#primaryimage"},"thumbnailUrl":"https:\/\/tribubehappy.com\/wp-content\/uploads\/2024\/10\/Handmade-Kid-Shop-Home.jpg","datePublished":"2024-10-06T07:49:14+00:00","dateModified":"2025-02-26T12:18:49+00:00","breadcrumb":{"@id":"https:\/\/tribubehappy.com\/es\/quenes-somos\/#breadcrumb"},"inLanguage":"es","potentialAction":[{"@type":"ReadAction","target":["https:\/\/tribubehappy.com\/es\/quenes-somos\/"]}]},{"@type":"ImageObject","inLanguage":"es","@id":"https:\/\/tribubehappy.com\/es\/quenes-somos\/#primaryimage","url":"https:\/\/tribubehappy.com\/wp-content\/uploads\/2024\/10\/Handmade-Kid-Shop-Home.jpg","contentUrl":"https:\/\/tribubehappy.com\/wp-content\/uploads\/2024\/10\/Handmade-Kid-Shop-Home.jpg","width":400,"height":380},{"@type":"BreadcrumbList","@id":"https:\/\/tribubehappy.com\/es\/quenes-somos\/#breadcrumb","itemListElement":[{"@type":"ListItem","position":1,"name":"Portada","item":"https:\/\/tribubehappy.com\/es\/home\/"},{"@type":"ListItem","position":2,"name":"Qui\u00e9nes somos"}]},{"@type":"WebSite","@id":"https:\/\/tribubehappy.com\/#website","url":"https:\/\/tribubehappy.com\/","name":"tribubehappy.com","description":"","publisher":{"@id":"https:\/\/tribubehappy.com\/#organization"},"potentialAction":[{"@type":"SearchAction","target":{"@type":"EntryPoint","urlTemplate":"https:\/\/tribubehappy.com\/?s={search_term_string}"},"query-input":{"@type":"PropertyValueSpecification","valueRequired":true,"valueName":"search_term_string"}}],"inLanguage":"es"},{"@type":"Organization","@id":"https:\/\/tribubehappy.com\/#organization","name":"tribubehappy.com","url":"https:\/\/tribubehappy.com\/","logo":{"@type":"ImageObject","inLanguage":"es","@id":"https:\/\/tribubehappy.com\/#\/schema\/logo\/image\/","url":"https:\/\/tribubehappy.com\/wp-content\/uploads\/2024\/10\/logo_transparent-e1731493060822.png","contentUrl":"https:\/\/tribubehappy.com\/wp-content\/uploads\/2024\/10\/logo_transparent-e1731493060822.png","width":414,"height":53,"caption":"tribubehappy.com"},"image":{"@id":"https:\/\/tribubehappy.com\/#\/schema\/logo\/image\/"}}]}},"_links":{"self":[{"href":"https:\/\/tribubehappy.com\/es\/wp-json\/wp\/v2\/pages\/536","targetHints":{"allow":["GET"]}}],"collection":[{"href":"https:\/\/tribubehappy.com\/es\/wp-json\/wp\/v2\/pages"}],"about":[{"href":"https:\/\/tribubehappy.com\/es\/wp-json\/wp\/v2\/types\/page"}],"author":[{"embeddable":true,"href":"https:\/\/tribubehappy.com\/es\/wp-json\/wp\/v2\/users\/1"}],"replies":[{"embeddable":true,"href":"https:\/\/tribubehappy.com\/es\/wp-json\/wp\/v2\/comments?post=536"}],"version-history":[{"count":2,"href":"https:\/\/tribubehappy.com\/es\/wp-json\/wp\/v2\/pages\/536\/revisions"}],"predecessor-version":[{"id":570,"href":"https:\/\/tribubehappy.com\/es\/wp-json\/wp\/v2\/pages\/536\/revisions\/570"}],"wp:featuredmedia":[{"embeddable":true,"href":"https:\/\/tribubehappy.com\/es\/wp-json\/wp\/v2\/media\/143"}],"wp:attachment":[{"href":"https:\/\/tribubehappy.com\/es\/wp-json\/wp\/v2\/media?parent=536"}],"curies":[{"name":"wp","href":"https:\/\/api.w.org\/{rel}","templated":true}]}}